{"id":2982,"date":"2014-02-24T06:28:32","date_gmt":"2014-02-24T06:28:32","guid":{"rendered":"http:\/\/vra.barzan.ca\/?page_id=2982"},"modified":"2015-08-08T17:54:54","modified_gmt":"2015-08-09T00:54:54","slug":"despre-noi","status":"publish","type":"page","link":"https:\/\/vra-bc.com\/ro\/despre-noi\/","title":{"rendered":"Despre noi"},"content":{"rendered":"<section  class='av_textblock_section av-av_textblock-0366cc7376be6c9e82a3e9cc8987b64f'  itemscope=\"itemscope\" itemtype=\"https:\/\/schema.org\/CreativeWork\" ><div class='avia_textblock'  itemprop=\"text\" ><p>Asocia\u021bia Rom\u00e2n\u0103 din Vancouver a fost incorporata ca \u0219i o organiza\u021bie non-profit \u00een iunie 2012. Ideea de a crea VRA, cu scopul de a promova cultura rom\u00e2n\u0103 de pe coasta de vest a Canadei, a ap\u0103rut de la ambi\u021bia unor \u0219ase prieteni. Experien\u021ba lor pe coasta de vest a Canadei variaz\u0103 intre doi \u0219i cincisprezece ani. Astfel, dup\u0103 numeroase discu\u021bii \u0219i organizarea \u00a0unor evenimente comunitare, grupul a trecut la pasul urm\u0103tor, \u0219i Asocia\u021bia Rom\u00e2n\u0103 Vancouver (VRA) sa n\u0103scut.<\/p>\n<\/div><\/section>\n\n<style type=\"text\/css\" data-created_by=\"avia_inline_auto\" id=\"style-css-av-av_heading-c6ae8d190c4f0ed01af223a9f31cd009\">\n#top .av-special-heading.av-av_heading-c6ae8d190c4f0ed01af223a9f31cd009{\npadding-bottom:10px;\n}\nbody .av-special-heading.av-av_heading-c6ae8d190c4f0ed01af223a9f31cd009 .av-special-heading-tag .heading-char{\nfont-size:25px;\n}\n.av-special-heading.av-av_heading-c6ae8d190c4f0ed01af223a9f31cd009 .av-subheading{\nfont-size:15px;\n}\n<\/style>\n<div  class='av-special-heading av-av_heading-c6ae8d190c4f0ed01af223a9f31cd009 av-special-heading-h6  avia-builder-el-1  el_after_av_textblock  el_before_av_textblock '><h6 class='av-special-heading-tag'  itemprop=\"headline\"  >Obiectivele principale a VRA sunt:<\/h6><div class=\"special-heading-border\"><div class=\"special-heading-inner-border\"><\/div><\/div><\/div>\n<section  class='av_textblock_section av-av_textblock-0366cc7376be6c9e82a3e9cc8987b64f'  itemscope=\"itemscope\" itemtype=\"https:\/\/schema.org\/CreativeWork\" ><div class='avia_textblock'  itemprop=\"text\" ><ul>\n<li>Promovarea culturii rom\u00e2ne\u0219ti, tradi\u021biile \u0219i valorile ei pe coasta de vest a Canadei<\/li>\n<li>Implicarea \u00een dezvoltarea de arti\u0219ti, sportivi \u0219i studen\u021bi<\/li>\n<li>Sprijinirea, prin resurse \u0219i informa\u021bii, a\u00a0 integr\u0103rii noilor reziden\u021bi \u00een Canada<\/li>\n<li>Facilitarea comunic\u0103rii deschise \u0219i interac\u021bionarea romanilor din comunitate<\/li>\n<li>Promovarea afacerile rom\u00e2ne\u0219ti pe pia\u021ba canadian\u0103<\/li>\n<\/ul>\n<\/div><\/section>\n<section  class='av_textblock_section av-av_textblock-0366cc7376be6c9e82a3e9cc8987b64f'  itemscope=\"itemscope\" itemtype=\"https:\/\/schema.org\/CreativeWork\" ><div class='avia_textblock'  itemprop=\"text\" ><p><strong>\u00cen numele directorilor no\u0219tri, sper\u0103m c\u0103 v\u0103 ve-ti implica in VRA \u0219i sper\u0103m s\u0103 va vedem la <strong>viitoare<\/strong>\u00a0evenimentele noastre<\/strong><\/p>\n<\/div><\/section>\n","protected":false},"excerpt":{"rendered":"","protected":false},"author":310,"featured_media":0,"parent":0,"menu_order":5,"comment_status":"closed","ping_status":"closed","template":"","meta":[],"yoast_head":"<!-- This site is optimized with the Yoast SEO plugin v19.3 - https:\/\/yoast.com\/wordpress\/plugins\/seo\/ -->\n<title>Despre noi &raquo; Vancouver Romanian Association<\/title>\n<meta name=\"robots\" content=\"index, follow, max-snippet:-1, max-image-preview:large, max-video-preview:-1\" \/>\n<link rel=\"canonical\" href=\"https:\/\/vra-bc.com\/ro\/despre-noi\/\" \/>\n<meta property=\"og:locale\" content=\"ro_RO\" \/>\n<meta property=\"og:type\" content=\"article\" \/>\n<meta property=\"og:title\" content=\"Despre noi &raquo; Vancouver Romanian Association\" \/>\n<meta property=\"og:url\" content=\"https:\/\/vra-bc.com\/ro\/despre-noi\/\" \/>\n<meta property=\"og:site_name\" content=\"Vancouver Romanian Association\" \/>\n<meta property=\"article:publisher\" content=\"http:\/\/www.facebook.com\/VancouverRomanianAssociation\" \/>\n<meta property=\"article:modified_time\" content=\"2015-08-09T00:54:54+00:00\" \/>\n<meta name=\"twitter:label1\" content=\"Timp estimat pentru citire\" \/>\n\t<meta name=\"twitter:data1\" content=\"1 minute\" \/>\n<script type=\"application\/ld+json\" class=\"yoast-schema-graph\">{\"@context\":\"https:\/\/schema.org\",\"@graph\":[{\"@type\":\"WebSite\",\"@id\":\"https:\/\/vra-bc.com\/ro\/#website\",\"url\":\"https:\/\/vra-bc.com\/ro\/\",\"name\":\"Vancouver Romanian Association\",\"description\":\"Acasa\",\"potentialAction\":[{\"@type\":\"SearchAction\",\"target\":{\"@type\":\"EntryPoint\",\"urlTemplate\":\"https:\/\/vra-bc.com\/ro\/?s={search_term_string}\"},\"query-input\":\"required name=search_term_string\"}],\"inLanguage\":\"ro-RO\"},{\"@type\":\"WebPage\",\"@id\":\"https:\/\/vra-bc.com\/ro\/despre-noi\/\",\"url\":\"https:\/\/vra-bc.com\/ro\/despre-noi\/\",\"name\":\"Despre noi &raquo; Vancouver Romanian Association\",\"isPartOf\":{\"@id\":\"https:\/\/vra-bc.com\/ro\/#website\"},\"datePublished\":\"2014-02-24T06:28:32+00:00\",\"dateModified\":\"2015-08-09T00:54:54+00:00\",\"breadcrumb\":{\"@id\":\"https:\/\/vra-bc.com\/ro\/despre-noi\/#breadcrumb\"},\"inLanguage\":\"ro-RO\",\"potentialAction\":[{\"@type\":\"ReadAction\",\"target\":[\"https:\/\/vra-bc.com\/ro\/despre-noi\/\"]}]},{\"@type\":\"BreadcrumbList\",\"@id\":\"https:\/\/vra-bc.com\/ro\/despre-noi\/#breadcrumb\",\"itemListElement\":[{\"@type\":\"ListItem\",\"position\":1,\"name\":\"Home\",\"item\":\"https:\/\/vra-bc.com\/ro\/\"},{\"@type\":\"ListItem\",\"position\":2,\"name\":\"Despre noi\"}]}]}<\/script>\n<!-- \/ Yoast SEO plugin. -->","yoast_head_json":{"title":"Despre noi &raquo; Vancouver Romanian Association","robots":{"index":"index","follow":"follow","max-snippet":"max-snippet:-1","max-image-preview":"max-image-preview:large","max-video-preview":"max-video-preview:-1"},"canonical":"https:\/\/vra-bc.com\/ro\/despre-noi\/","og_locale":"ro_RO","og_type":"article","og_title":"Despre noi &raquo; Vancouver Romanian Association","og_url":"https:\/\/vra-bc.com\/ro\/despre-noi\/","og_site_name":"Vancouver Romanian Association","article_publisher":"http:\/\/www.facebook.com\/VancouverRomanianAssociation","article_modified_time":"2015-08-09T00:54:54+00:00","twitter_misc":{"Timp estimat pentru citire":"1 minute"},"schema":{"@context":"https:\/\/schema.org","@graph":[{"@type":"WebSite","@id":"https:\/\/vra-bc.com\/ro\/#website","url":"https:\/\/vra-bc.com\/ro\/","name":"Vancouver Romanian Association","description":"Acasa","potentialAction":[{"@type":"SearchAction","target":{"@type":"EntryPoint","urlTemplate":"https:\/\/vra-bc.com\/ro\/?s={search_term_string}"},"query-input":"required name=search_term_string"}],"inLanguage":"ro-RO"},{"@type":"WebPage","@id":"https:\/\/vra-bc.com\/ro\/despre-noi\/","url":"https:\/\/vra-bc.com\/ro\/despre-noi\/","name":"Despre noi &raquo; Vancouver Romanian Association","isPartOf":{"@id":"https:\/\/vra-bc.com\/ro\/#website"},"datePublished":"2014-02-24T06:28:32+00:00","dateModified":"2015-08-09T00:54:54+00:00","breadcrumb":{"@id":"https:\/\/vra-bc.com\/ro\/despre-noi\/#breadcrumb"},"inLanguage":"ro-RO","potentialAction":[{"@type":"ReadAction","target":["https:\/\/vra-bc.com\/ro\/despre-noi\/"]}]},{"@type":"BreadcrumbList","@id":"https:\/\/vra-bc.com\/ro\/despre-noi\/#breadcrumb","itemListElement":[{"@type":"ListItem","position":1,"name":"Home","item":"https:\/\/vra-bc.com\/ro\/"},{"@type":"ListItem","position":2,"name":"Despre noi"}]}]}},"_links":{"self":[{"href":"https:\/\/vra-bc.com\/ro\/wp-json\/wp\/v2\/pages\/2982"}],"collection":[{"href":"https:\/\/vra-bc.com\/ro\/wp-json\/wp\/v2\/pages"}],"about":[{"href":"https:\/\/vra-bc.com\/ro\/wp-json\/wp\/v2\/types\/page"}],"author":[{"embeddable":true,"href":"https:\/\/vra-bc.com\/ro\/wp-json\/wp\/v2\/users\/310"}],"replies":[{"embeddable":true,"href":"https:\/\/vra-bc.com\/ro\/wp-json\/wp\/v2\/comments?post=2982"}],"version-history":[{"count":1,"href":"https:\/\/vra-bc.com\/ro\/wp-json\/wp\/v2\/pages\/2982\/revisions"}],"predecessor-version":[{"id":4613,"href":"https:\/\/vra-bc.com\/ro\/wp-json\/wp\/v2\/pages\/2982\/revisions\/4613"}],"wp:attachment":[{"href":"https:\/\/vra-bc.com\/ro\/wp-json\/wp\/v2\/media?parent=2982"}],"curies":[{"name":"wp","href":"https:\/\/api.w.org\/{rel}","templated":true}]}}