{"id":3951,"date":"2014-05-14T02:15:25","date_gmt":"2014-05-14T02:15:25","guid":{"rendered":"http:\/\/vra-bc.com\/?page_id=3951"},"modified":"2017-01-20T11:30:52","modified_gmt":"2017-01-20T19:30:52","slug":"upcoming-events","status":"publish","type":"page","link":"https:\/\/vra-bc.com\/ro\/toate-evenimentele\/upcoming-events\/","title":{"rendered":"Evenimentele Urmatoare"},"content":{"rendered":"<div  class='av-alb-blogposts template-blog  av-blog-meta-author-disabled av-blog-meta-category-disabled av-blog-meta-html-info-disabled '  itemscope=\"itemscope\" itemtype=\"https:\/\/schema.org\/Blog\" ><article class=\"post-entry post-entry-type-standard post-entry-5845 post-loop-1 post-parity-odd post-entry-last single-small post with-slider post-5845 event type-event status-publish has-post-thumbnail hentry event-categories-evenimente-viitoare\"  itemscope=\"itemscope\" itemtype=\"https:\/\/schema.org\/CreativeWork\" ><div class=\"blog-meta\"><a href='https:\/\/vra-bc.com\/ro\/events\/seara-de-poezie\/' class='small-preview'  title=\"Seara de poezie\"   itemprop=\"image\" itemscope=\"itemscope\" itemtype=\"https:\/\/schema.org\/ImageObject\" ><img width=\"180\" height=\"180\" src=\"https:\/\/vra-bc.com\/wp-content\/uploads\/2017\/05\/unnamed-180x180.jpg\" class=\"wp-image-5851 avia-img-lazy-loading-not-5851 attachment-square size-square wp-post-image\" alt=\"Seara de poezie poster\" \/><span class=\"iconfont\" aria-hidden='true' data-av_icon='\ue836' data-av_iconfont='entypo-fontello'><\/span><\/a><\/div><div class='entry-content-wrapper clearfix standard-content'><header class=\"entry-content-header\"><h2 class='post-title entry-title '  itemprop=\"headline\" ><a href=\"https:\/\/vra-bc.com\/ro\/events\/seara-de-poezie\/\" rel=\"bookmark\" title=\"Link permanent: Sear\u0103 de Poezie\">Sear\u0103 de Poezie<span class=\"post-format-icon minor-meta\"><\/span><\/a><\/h2><span class=\"post-meta-infos\"><time class=\"date-container minor-meta updated\"  itemprop=\"datePublished\" datetime=\"2017-06-30T19:00:00-07:00\" >June 30, 2017<\/time><\/span><\/header><div class=\"entry-content\"  itemprop=\"text\" ><p>V\u0103 invit\u0103m la o sear\u0103 de poezie \u0219i magie creatoare, \u00een care poetul Adrian Munteanu va pune \u00een \u0219cen\u0103 \u0219i va prezenta \u00eentr-un mod inedit sonetele personale, care ne vor \u00eenobila sufletele cu iubire, tandre\u021be, melancolie, frumuse\u021be \u0219i destin. Intrarea este pe baz\u0103 de dona\u021bie.<\/p>\n<\/div><footer class=\"entry-footer\"><\/footer><div class='post_delimiter'><\/div><\/div><div class=\"post_author_timeline\"><\/div><span class='hidden'>\n\t\t\t\t<span class='av-structured-data'  itemprop=\"image\" itemscope=\"itemscope\" itemtype=\"https:\/\/schema.org\/ImageObject\" >\n\t\t\t\t\t\t<span itemprop='url'>https:\/\/vra-bc.com\/wp-content\/uploads\/2017\/05\/unnamed.jpg<\/span>\n\t\t\t\t\t\t<span itemprop='height'>920<\/span>\n\t\t\t\t\t\t<span itemprop='width'>650<\/span>\n\t\t\t\t<\/span>\n\t\t\t\t<span class='av-structured-data'  itemprop=\"publisher\" itemtype=\"https:\/\/schema.org\/Organization\" itemscope=\"itemscope\" >\n\t\t\t\t\t\t<span itemprop='name'>Vancouver Romanian Association<\/span>\n\t\t\t\t\t\t<span itemprop='logo' itemscope itemtype='https:\/\/schema.org\/ImageObject'>\n\t\t\t\t\t\t\t<span itemprop='url'>\/wp-content\/uploads\/2013\/04\/logo.png<\/span>\n\t\t\t\t\t\t <\/span>\n\t\t\t\t<\/span><span class='av-structured-data'  itemprop=\"author\" itemscope=\"itemscope\" itemtype=\"https:\/\/schema.org\/Person\" ><span itemprop='name'>Vancouver Romanian Association<\/span><\/span><span class='av-structured-data'  itemprop=\"datePublished\" datetime=\"2017-06-30T19:00:00-07:00\" >2017-05-28 14:22:32<\/span><span class='av-structured-data'  itemprop=\"dateModified\" itemtype=\"https:\/\/schema.org\/dateModified\" >2017-06-08 19:41:13<\/span><span class='av-structured-data'  itemprop=\"mainEntityOfPage\" itemtype=\"https:\/\/schema.org\/mainEntityOfPage\" ><span itemprop='name'>Sear\u0103 de Poezie<\/span><\/span><\/span><\/article><div class='single-small'><\/div><\/div>\n<div  class='togglecontainer av-av_toggle_container-58d3b55d78679e2c4a6f7b2e625e97f8 toggle_close_all' >\n<section class='av_toggle_section av-av_toggle-be87d5aef7a6e6247b25367bc65d1507'  itemscope=\"itemscope\" itemtype=\"https:\/\/schema.org\/CreativeWork\" ><div role=\"tablist\" class=\"single_toggle\" data-tags=\"{Toate} \"  ><p data-fake-id='#toggle-id-1' class='toggler  activeTitle '  itemprop=\"headline\"  role='tab' tabindex='0' aria-controls='toggle-id-1'>Informatii Evenimente<span class=\"toggle_icon\"><span class=\"vert_icon\"><\/span><span class=\"hor_icon\"><\/span><\/span><\/p><div id='toggle-id-1' class='toggle_wrap  active_tc' style='display:block;' ><div class='toggle_content invers-color '  itemprop=\"text\" ><p>Este u\u0219or s\u0103 r\u0103m\u00e2i\u00a0la curent\u00a0cu evenimentele \u0219i programele noastre viitoare. <strong>Aboneaza-te<\/strong> mai jos la lista noastr\u0103 de actualizari despre evenimente \u0219i nu vei mai pierde nici un eveniment VRA!<\/p>\n<p>\u00cen conformitate cu noua <a href=\"http:\/\/fightspam.gc.ca\/eic\/site\/030.nsf\/eng\/home\">Legisla\u021bie Anti-Spam din Canada<\/a>, prin ap\u0103sarea butonului de mai jos esti\u00a0de acord\u00a0sa primesti email-uri cu actualiz\u0103ri despre evenimentele viitoare, programe \u0219i seminarii. <strong>V\u0103 pute\u021bi dezabona \u00een orice moment.<\/strong><\/p>\n<div class=\"knews_add_user knewsform_container\" id=\"knewsform_1\">\r\n\t\t\t\t\t<style type=\"text\/css\">\r\n\t\t\t\t\tdiv.knews_add_user textarea.knewscomment {position:absolute; top:-3000px; left:-3000px;}\r\n\t\t\t\t\tdiv.knews_add_user fieldset {border:0;}\r\n\t\t\t\t\tdiv.knews_add_user fieldset.knewstermsplus {height:0 !important; overflow:hidden !important; padding:0 !important; margin:0 !important; border:0 !important}<\/style>\r\n\t\t\t\t\t<form action=\"https:\/\/vra-bc.com\/wp-admin\/admin-ajax.php\" method=\"post\"><fieldset class=\"name\"><label for=\"name\">Prenume:*<\/label><input type=\"text\" name=\"name\" value=\"\" placeholder=\"\" \/><input type=\"hidden\" value=\"1\" name=\"required_name\" \/><\/fieldset><fieldset class=\"surname\"><label for=\"surname\">Nume de Familie:*<\/label><input type=\"text\" name=\"surname\" value=\"\" placeholder=\"\" \/><input type=\"hidden\" value=\"1\" name=\"required_surname\" \/><\/fieldset><textarea name=\"knewscomment\" autocomplete=\"off\" class=\"knewscomment\" style=\"width:150px; height:80px\" rows=\"5\" cols=\"20\"><\/textarea><fieldset class=\"knewstermsplus\"><input type=\"text\" name=\"email\" value=\"\" placeholder=\"\"><input type=\"checkbox\" name=\"knewstermsplus\" value=\"1\" title=\"I agree terms and conditions.\"><label for=\"knewstermsplus\">I agree terms and conditions.*<\/label><\/fieldset><fieldset class=\"knewsemail\"><label for=\"knewsemail2\">Email:*<\/label><input type=\"text\" name=\"knewsemail2\" value=\"\" placeholder=\"\" \/><\/fieldset><input type=\"hidden\" name=\"user_knews_list\" value=\"4\" \/><input type=\"hidden\" name=\"lang_user\" value=\"ro\" \/><input type=\"hidden\" name=\"lang_locale_user\" value=\"ro_RO\" \/><fieldset class=\"knewsterms\"><input type=\"checkbox\" name=\"knewsterms\" value=\"1\" title=\"Accept termenii si conditiile.\" \/><label for=\"knewsterms\"><small>Accept termenii si conditiile.*<\/small><\/label><input type=\"hidden\" value=\"1\" name=\"required_knewsterms\" \/><\/fieldset><input type=\"hidden\" name=\"knewskey\" value=\"c3deae5371d168d697c221daa0018f3e\" \/><fieldset class=\"requiredtext\"><small>* Acest c\u00e2mp este obligatoriu<\/small><\/fieldset><fieldset class=\"knewsbutton\"><input class=\"knewsbutton\" type=\"submit\" value=\"Aboneaza-te\" \/><\/fieldset>\r\n\t\t\t\t\t\t<input type=\"hidden\" name=\"action\" value=\"knewsAddUser\" \/>\r\n\t\t\t\t\t<\/form>\r\n\t\t\t\t<\/div>\n<\/div><\/div><\/div><\/section>\n<\/div>\n","protected":false},"excerpt":{"rendered":"","protected":false},"author":310,"featured_media":0,"parent":3925,"menu_order":0,"comment_status":"closed","ping_status":"closed","template":"","meta":[],"yoast_head":"<!-- This site is optimized with the Yoast SEO plugin v19.3 - https:\/\/yoast.com\/wordpress\/plugins\/seo\/ -->\n<title>Evenimentele Urmatoare &raquo; Vancouver Romanian Association<\/title>\n<meta name=\"robots\" content=\"index, follow, max-snippet:-1, max-image-preview:large, max-video-preview:-1\" \/>\n<link rel=\"canonical\" href=\"https:\/\/vra-bc.com\/ro\/toate-evenimentele\/upcoming-events\/\" \/>\n<meta property=\"og:locale\" content=\"ro_RO\" \/>\n<meta property=\"og:type\" content=\"article\" \/>\n<meta property=\"og:title\" content=\"Evenimentele Urmatoare &raquo; Vancouver Romanian Association\" \/>\n<meta property=\"og:url\" content=\"https:\/\/vra-bc.com\/ro\/toate-evenimentele\/upcoming-events\/\" \/>\n<meta property=\"og:site_name\" content=\"Vancouver Romanian Association\" \/>\n<meta property=\"article:publisher\" content=\"http:\/\/www.facebook.com\/VancouverRomanianAssociation\" \/>\n<meta property=\"article:modified_time\" content=\"2017-01-20T19:30:52+00:00\" \/>\n<meta name=\"twitter:label1\" content=\"Timp estimat pentru citire\" \/>\n\t<meta name=\"twitter:data1\" content=\"1 minute\" \/>\n<script type=\"application\/ld+json\" class=\"yoast-schema-graph\">{\"@context\":\"https:\/\/schema.org\",\"@graph\":[{\"@type\":\"WebSite\",\"@id\":\"https:\/\/vra-bc.com\/ro\/#website\",\"url\":\"https:\/\/vra-bc.com\/ro\/\",\"name\":\"Vancouver Romanian Association\",\"description\":\"Acasa\",\"potentialAction\":[{\"@type\":\"SearchAction\",\"target\":{\"@type\":\"EntryPoint\",\"urlTemplate\":\"https:\/\/vra-bc.com\/ro\/?s={search_term_string}\"},\"query-input\":\"required name=search_term_string\"}],\"inLanguage\":\"ro-RO\"},{\"@type\":\"WebPage\",\"@id\":\"https:\/\/vra-bc.com\/ro\/toate-evenimentele\/upcoming-events\/\",\"url\":\"https:\/\/vra-bc.com\/ro\/toate-evenimentele\/upcoming-events\/\",\"name\":\"Evenimentele Urmatoare &raquo; Vancouver Romanian Association\",\"isPartOf\":{\"@id\":\"https:\/\/vra-bc.com\/ro\/#website\"},\"datePublished\":\"2014-05-14T02:15:25+00:00\",\"dateModified\":\"2017-01-20T19:30:52+00:00\",\"breadcrumb\":{\"@id\":\"https:\/\/vra-bc.com\/ro\/toate-evenimentele\/upcoming-events\/#breadcrumb\"},\"inLanguage\":\"ro-RO\",\"potentialAction\":[{\"@type\":\"ReadAction\",\"target\":[\"https:\/\/vra-bc.com\/ro\/toate-evenimentele\/upcoming-events\/\"]}]},{\"@type\":\"BreadcrumbList\",\"@id\":\"https:\/\/vra-bc.com\/ro\/toate-evenimentele\/upcoming-events\/#breadcrumb\",\"itemListElement\":[{\"@type\":\"ListItem\",\"position\":1,\"name\":\"Home\",\"item\":\"https:\/\/vra-bc.com\/ro\/\"},{\"@type\":\"ListItem\",\"position\":2,\"name\":\"Evenimente\",\"item\":\"https:\/\/vra-bc.com\/ro\/toate-evenimentele\/\"},{\"@type\":\"ListItem\",\"position\":3,\"name\":\"Evenimentele Urmatoare\"}]}]}<\/script>\n<!-- \/ Yoast SEO plugin. -->","yoast_head_json":{"title":"Evenimentele Urmatoare &raquo; Vancouver Romanian Association","robots":{"index":"index","follow":"follow","max-snippet":"max-snippet:-1","max-image-preview":"max-image-preview:large","max-video-preview":"max-video-preview:-1"},"canonical":"https:\/\/vra-bc.com\/ro\/toate-evenimentele\/upcoming-events\/","og_locale":"ro_RO","og_type":"article","og_title":"Evenimentele Urmatoare &raquo; Vancouver Romanian Association","og_url":"https:\/\/vra-bc.com\/ro\/toate-evenimentele\/upcoming-events\/","og_site_name":"Vancouver Romanian Association","article_publisher":"http:\/\/www.facebook.com\/VancouverRomanianAssociation","article_modified_time":"2017-01-20T19:30:52+00:00","twitter_misc":{"Timp estimat pentru citire":"1 minute"},"schema":{"@context":"https:\/\/schema.org","@graph":[{"@type":"WebSite","@id":"https:\/\/vra-bc.com\/ro\/#website","url":"https:\/\/vra-bc.com\/ro\/","name":"Vancouver Romanian Association","description":"Acasa","potentialAction":[{"@type":"SearchAction","target":{"@type":"EntryPoint","urlTemplate":"https:\/\/vra-bc.com\/ro\/?s={search_term_string}"},"query-input":"required name=search_term_string"}],"inLanguage":"ro-RO"},{"@type":"WebPage","@id":"https:\/\/vra-bc.com\/ro\/toate-evenimentele\/upcoming-events\/","url":"https:\/\/vra-bc.com\/ro\/toate-evenimentele\/upcoming-events\/","name":"Evenimentele Urmatoare &raquo; Vancouver Romanian Association","isPartOf":{"@id":"https:\/\/vra-bc.com\/ro\/#website"},"datePublished":"2014-05-14T02:15:25+00:00","dateModified":"2017-01-20T19:30:52+00:00","breadcrumb":{"@id":"https:\/\/vra-bc.com\/ro\/toate-evenimentele\/upcoming-events\/#breadcrumb"},"inLanguage":"ro-RO","potentialAction":[{"@type":"ReadAction","target":["https:\/\/vra-bc.com\/ro\/toate-evenimentele\/upcoming-events\/"]}]},{"@type":"BreadcrumbList","@id":"https:\/\/vra-bc.com\/ro\/toate-evenimentele\/upcoming-events\/#breadcrumb","itemListElement":[{"@type":"ListItem","position":1,"name":"Home","item":"https:\/\/vra-bc.com\/ro\/"},{"@type":"ListItem","position":2,"name":"Evenimente","item":"https:\/\/vra-bc.com\/ro\/toate-evenimentele\/"},{"@type":"ListItem","position":3,"name":"Evenimentele Urmatoare"}]}]}},"_links":{"self":[{"href":"https:\/\/vra-bc.com\/ro\/wp-json\/wp\/v2\/pages\/3951"}],"collection":[{"href":"https:\/\/vra-bc.com\/ro\/wp-json\/wp\/v2\/pages"}],"about":[{"href":"https:\/\/vra-bc.com\/ro\/wp-json\/wp\/v2\/types\/page"}],"author":[{"embeddable":true,"href":"https:\/\/vra-bc.com\/ro\/wp-json\/wp\/v2\/users\/310"}],"replies":[{"embeddable":true,"href":"https:\/\/vra-bc.com\/ro\/wp-json\/wp\/v2\/comments?post=3951"}],"version-history":[{"count":6,"href":"https:\/\/vra-bc.com\/ro\/wp-json\/wp\/v2\/pages\/3951\/revisions"}],"predecessor-version":[{"id":5442,"href":"https:\/\/vra-bc.com\/ro\/wp-json\/wp\/v2\/pages\/3951\/revisions\/5442"}],"up":[{"embeddable":true,"href":"https:\/\/vra-bc.com\/ro\/wp-json\/wp\/v2\/pages\/3925"}],"wp:attachment":[{"href":"https:\/\/vra-bc.com\/ro\/wp-json\/wp\/v2\/media?parent=3951"}],"curies":[{"name":"wp","href":"https:\/\/api.w.org\/{rel}","templated":true}]}}