{"id":3963,"date":"2014-05-14T02:29:35","date_gmt":"2014-05-14T02:29:35","guid":{"rendered":"http:\/\/vra-bc.com\/?page_id=3963"},"modified":"2014-05-14T02:43:05","modified_gmt":"2014-05-14T02:43:05","slug":"advertisment","status":"publish","type":"page","link":"https:\/\/vra-bc.com\/ro\/partners\/advertisment\/","title":{"rendered":"Publicitate"},"content":{"rendered":"\n<style type=\"text\/css\" data-created_by=\"avia_inline_auto\" id=\"style-css-av-av_heading-14cd4d5d88977715824fbe82de1d2e36\">\n#top .av-special-heading.av-av_heading-14cd4d5d88977715824fbe82de1d2e36{\npadding-bottom:10px;\n}\nbody .av-special-heading.av-av_heading-14cd4d5d88977715824fbe82de1d2e36 .av-special-heading-tag .heading-char{\nfont-size:25px;\n}\n.av-special-heading.av-av_heading-14cd4d5d88977715824fbe82de1d2e36 .av-subheading{\nfont-size:15px;\n}\n<\/style>\n<div  class='av-special-heading av-av_heading-14cd4d5d88977715824fbe82de1d2e36 av-special-heading-h3 blockquote modern-quote  avia-builder-el-0  el_before_av_contact  avia-builder-el-first '><h3 class='av-special-heading-tag'  itemprop=\"headline\"  >Interested in advertising with us? <\/h3><div class='av-subheading av-subheading_below'><p>Send us a line!<\/p>\n<\/div><div class=\"special-heading-border\"><div class=\"special-heading-inner-border\"><\/div><\/div><\/div>\n<form action=\"https:\/\/vra-bc.com\/ro\/partners\/advertisment\/\" method=\"post\"  class=\"avia_ajax_form av-form-labels-visible   avia-builder-el-1  el_after_av_heading  avia-builder-el-last   \" data-avia-form-id=\"1\" data-avia-redirect='' ><h3 class=''>Complete the form below and we\u2019ll get back to you!<\/h3><fieldset><p class='  first_form  form_element form_element_half' id='element_avia_1_1'><label for=\"avia_1_1\">Name <abbr class=\"required\" title=\"required\">*<\/abbr><\/label> <input name=\"avia_1_1\" class=\"text_input is_empty\" type=\"text\" id=\"avia_1_1\" value=\"\" \/><\/p><p class='  form_element form_element_half' id='element_avia_2_1'><label for=\"avia_2_1\">Organization <abbr class=\"required\" title=\"required\">*<\/abbr><\/label> <input name=\"avia_2_1\" class=\"text_input is_empty\" type=\"text\" id=\"avia_2_1\" value=\"\" \/><\/p><p class='  first_form  form_element form_element_half' id='element_avia_3_1'><label for=\"avia_3_1\">E-Mail <abbr class=\"required\" title=\"required\">*<\/abbr><\/label> <input name=\"avia_3_1\" class=\"text_input is_email\" type=\"text\" id=\"avia_3_1\" value=\"\" \/><\/p><p class='  form_element form_element_half' id='element_avia_4_1'><label for=\"avia_4_1\">Subject <abbr class=\"required\" title=\"required\">*<\/abbr><\/label> <input name=\"avia_4_1\" class=\"text_input is_empty\" type=\"text\" id=\"avia_4_1\" value=\"\" \/><\/p><p class='  first_form  form_element form_fullwidth' id='element_avia_5_1'><label for=\"avia_5_1\" class=\"textare_label hidden textare_label_avia_5_1\">Message <abbr class=\"required\" title=\"required\">*<\/abbr><\/label><textarea  name=\"avia_5_1\" class=\"text_area is_empty\" cols=\"40\" rows=\"7\" id=\"avia_5_1\" ><\/textarea><\/p><p class=\"hidden\"><input type=\"text\" name=\"avia_6_1\" class=\"hidden \" id=\"avia_6_1\" value=\"\" \/><\/p><p class='   form_element form_fullwidth' id='element_avia_7_1'><span class='value_verifier_label'>0 + 2 = ?<\/span><input name=\"avia_7_1_verifier\" type=\"hidden\" id=\"avia_7_1_verifier\" value=\"635724344\"\/><label for=\"avia_7_1\">V\u0103 rug\u0103m s\u0103 dovede\u0219ti c\u0103 e\u0219ti om de rezolvarea ecuatiei <abbr class=\"required\" title=\"required\">*<\/abbr><\/label><input name=\"avia_7_1\" class=\"text_input captcha\" type=\"text\" id=\"avia_7_1\" value=\"\"\/><\/p><p class=\"form_element \"><input type=\"hidden\" value=\"1\" name=\"avia_generated_form1\" \/><input type=\"submit\" value=\"Send\" class=\"button\"  data-sending-label=\"Sending\"\/><\/p><\/fieldset><\/form><div id=\"ajaxresponse_1\" class=\"ajaxresponse ajaxresponse_1 hidden\"><\/div>\n","protected":false},"excerpt":{"rendered":"","protected":false},"author":310,"featured_media":0,"parent":3961,"menu_order":0,"comment_status":"closed","ping_status":"open","template":"","meta":[],"yoast_head":"<!-- This site is optimized with the Yoast SEO plugin v19.3 - https:\/\/yoast.com\/wordpress\/plugins\/seo\/ -->\n<title>Publicitate &raquo; Vancouver Romanian Association<\/title>\n<meta name=\"robots\" content=\"index, follow, max-snippet:-1, max-image-preview:large, max-video-preview:-1\" \/>\n<link rel=\"canonical\" href=\"https:\/\/vra-bc.com\/ro\/partners\/advertisment\/\" \/>\n<meta property=\"og:locale\" content=\"ro_RO\" \/>\n<meta property=\"og:type\" content=\"article\" \/>\n<meta property=\"og:title\" content=\"Publicitate &raquo; Vancouver Romanian Association\" \/>\n<meta property=\"og:url\" content=\"https:\/\/vra-bc.com\/ro\/partners\/advertisment\/\" \/>\n<meta property=\"og:site_name\" content=\"Vancouver Romanian Association\" \/>\n<meta property=\"article:publisher\" content=\"http:\/\/www.facebook.com\/VancouverRomanianAssociation\" \/>\n<meta property=\"article:modified_time\" content=\"2014-05-14T02:43:05+00:00\" \/>\n<meta name=\"twitter:label1\" content=\"Timp estimat pentru citire\" \/>\n\t<meta name=\"twitter:data1\" content=\"1 minute\" \/>\n<script type=\"application\/ld+json\" class=\"yoast-schema-graph\">{\"@context\":\"https:\/\/schema.org\",\"@graph\":[{\"@type\":\"WebSite\",\"@id\":\"https:\/\/vra-bc.com\/ro\/#website\",\"url\":\"https:\/\/vra-bc.com\/ro\/\",\"name\":\"Vancouver Romanian Association\",\"description\":\"Acasa\",\"potentialAction\":[{\"@type\":\"SearchAction\",\"target\":{\"@type\":\"EntryPoint\",\"urlTemplate\":\"https:\/\/vra-bc.com\/ro\/?s={search_term_string}\"},\"query-input\":\"required name=search_term_string\"}],\"inLanguage\":\"ro-RO\"},{\"@type\":\"WebPage\",\"@id\":\"https:\/\/vra-bc.com\/ro\/partners\/advertisment\/\",\"url\":\"https:\/\/vra-bc.com\/ro\/partners\/advertisment\/\",\"name\":\"Publicitate &raquo; Vancouver Romanian Association\",\"isPartOf\":{\"@id\":\"https:\/\/vra-bc.com\/ro\/#website\"},\"datePublished\":\"2014-05-14T02:29:35+00:00\",\"dateModified\":\"2014-05-14T02:43:05+00:00\",\"breadcrumb\":{\"@id\":\"https:\/\/vra-bc.com\/ro\/partners\/advertisment\/#breadcrumb\"},\"inLanguage\":\"ro-RO\",\"potentialAction\":[{\"@type\":\"ReadAction\",\"target\":[\"https:\/\/vra-bc.com\/ro\/partners\/advertisment\/\"]}]},{\"@type\":\"BreadcrumbList\",\"@id\":\"https:\/\/vra-bc.com\/ro\/partners\/advertisment\/#breadcrumb\",\"itemListElement\":[{\"@type\":\"ListItem\",\"position\":1,\"name\":\"Home\",\"item\":\"https:\/\/vra-bc.com\/ro\/\"},{\"@type\":\"ListItem\",\"position\":2,\"name\":\"Partners\",\"item\":\"https:\/\/vra-bc.com\/ro\/partners\/\"},{\"@type\":\"ListItem\",\"position\":3,\"name\":\"Publicitate\"}]}]}<\/script>\n<!-- \/ Yoast SEO plugin. -->","yoast_head_json":{"title":"Publicitate &raquo; Vancouver Romanian Association","robots":{"index":"index","follow":"follow","max-snippet":"max-snippet:-1","max-image-preview":"max-image-preview:large","max-video-preview":"max-video-preview:-1"},"canonical":"https:\/\/vra-bc.com\/ro\/partners\/advertisment\/","og_locale":"ro_RO","og_type":"article","og_title":"Publicitate &raquo; Vancouver Romanian Association","og_url":"https:\/\/vra-bc.com\/ro\/partners\/advertisment\/","og_site_name":"Vancouver Romanian Association","article_publisher":"http:\/\/www.facebook.com\/VancouverRomanianAssociation","article_modified_time":"2014-05-14T02:43:05+00:00","twitter_misc":{"Timp estimat pentru citire":"1 minute"},"schema":{"@context":"https:\/\/schema.org","@graph":[{"@type":"WebSite","@id":"https:\/\/vra-bc.com\/ro\/#website","url":"https:\/\/vra-bc.com\/ro\/","name":"Vancouver Romanian Association","description":"Acasa","potentialAction":[{"@type":"SearchAction","target":{"@type":"EntryPoint","urlTemplate":"https:\/\/vra-bc.com\/ro\/?s={search_term_string}"},"query-input":"required name=search_term_string"}],"inLanguage":"ro-RO"},{"@type":"WebPage","@id":"https:\/\/vra-bc.com\/ro\/partners\/advertisment\/","url":"https:\/\/vra-bc.com\/ro\/partners\/advertisment\/","name":"Publicitate &raquo; Vancouver Romanian Association","isPartOf":{"@id":"https:\/\/vra-bc.com\/ro\/#website"},"datePublished":"2014-05-14T02:29:35+00:00","dateModified":"2014-05-14T02:43:05+00:00","breadcrumb":{"@id":"https:\/\/vra-bc.com\/ro\/partners\/advertisment\/#breadcrumb"},"inLanguage":"ro-RO","potentialAction":[{"@type":"ReadAction","target":["https:\/\/vra-bc.com\/ro\/partners\/advertisment\/"]}]},{"@type":"BreadcrumbList","@id":"https:\/\/vra-bc.com\/ro\/partners\/advertisment\/#breadcrumb","itemListElement":[{"@type":"ListItem","position":1,"name":"Home","item":"https:\/\/vra-bc.com\/ro\/"},{"@type":"ListItem","position":2,"name":"Partners","item":"https:\/\/vra-bc.com\/ro\/partners\/"},{"@type":"ListItem","position":3,"name":"Publicitate"}]}]}},"_links":{"self":[{"href":"https:\/\/vra-bc.com\/ro\/wp-json\/wp\/v2\/pages\/3963"}],"collection":[{"href":"https:\/\/vra-bc.com\/ro\/wp-json\/wp\/v2\/pages"}],"about":[{"href":"https:\/\/vra-bc.com\/ro\/wp-json\/wp\/v2\/types\/page"}],"author":[{"embeddable":true,"href":"https:\/\/vra-bc.com\/ro\/wp-json\/wp\/v2\/users\/310"}],"replies":[{"embeddable":true,"href":"https:\/\/vra-bc.com\/ro\/wp-json\/wp\/v2\/comments?post=3963"}],"version-history":[{"count":0,"href":"https:\/\/vra-bc.com\/ro\/wp-json\/wp\/v2\/pages\/3963\/revisions"}],"up":[{"embeddable":true,"href":"https:\/\/vra-bc.com\/ro\/wp-json\/wp\/v2\/pages\/3961"}],"wp:attachment":[{"href":"https:\/\/vra-bc.com\/ro\/wp-json\/wp\/v2\/media?parent=3963"}],"curies":[{"name":"wp","href":"https:\/\/api.w.org\/{rel}","templated":true}]}}