{"id":4154,"date":"2014-07-04T17:09:52","date_gmt":"2014-07-05T00:09:52","guid":{"rendered":"http:\/\/vra-bc.com\/?page_id=4154"},"modified":"2014-07-04T18:04:45","modified_gmt":"2014-07-05T01:04:45","slug":"petitia-pentru-centrul-roman","status":"publish","type":"page","link":"https:\/\/vra-bc.com\/ro\/community-support\/petitia-pentru-centrul-roman\/","title":{"rendered":"Peti\u021bia pentru Centrul Rom\u00e2n"},"content":{"rendered":"<div class='flex_column av-av_one_full-2a9015ff38129c418a3f2eafba3e9512 av_one_full  avia-builder-el-0  avia-builder-el-no-sibling  first flex_column_div '     ><section  class='av_textblock_section av-av_textblock-aeab5f420ae10231f32c2a08ad3db589'  itemscope=\"itemscope\" itemtype=\"https:\/\/schema.org\/CreativeWork\" ><div class='avia_textblock'  itemprop=\"text\" >\n\t\t\t\t\t<!-- SpeakUp! Email Petitions 2.4.2 -->\n\t\t\t\t\t<div id=\"dk-speakup-windowshade\"><\/div>\n\t\t\t\t\t<div class=\"dk-speakup-petition-wrap \" id=\"dk-speakup-petition-1\" >\n\t\t\t\t\t\t<h3>Petition for building the Romanian Centre<\/h3>\n\t\t\t\t\t\t<a id=\"dk-speakup-readme-1\" class=\"dk-speakup-readme\" rel=\"1\" style=\"display: none;\"><span>Citi\u021bi peti\u021bia<\/span><\/a>\n\t\t\t\t\t\t<div class=\"dk-speakup-response\"><\/div>\n\t\t\t\t\t\t<form class=\"dk-speakup-petition\">\n\t\t\t\t\t\t\t<input type=\"hidden\" id=\"dk-speakup-posttitle-1\" value=\"Petition+for+building+the+Romanian+Centre\" \/>\n\t\t\t\t\t\t\t<input type=\"hidden\" id=\"dk-speakup-tweet-1\" value=\"\" \/>\n\t\t\t\t\t\t\t<input type=\"hidden\" id=\"dk-speakup-lang-1\" value=\"ro\" \/>\n\t\t\t\t\t\t\t<input type=\"hidden\" id=\"dk-speakup-textval-1\" value=\"val\" \/>\n\t\t\t\t\t\t\t<div class=\"dk-speakup-half\">\n\t\t\t\t\t\t\t\t<label for=\"dk-speakup-first-name-1\" class=\"required\">Prenume<\/label>\n\t\t\t\t\t\t\t\t<input name=\"dk-speakup-first-name\" id=\"dk-speakup-first-name-1\" value=\"\" type=\"text\" \/>\n\t\t\t\t\t\t\t<\/div>\n\t\t\t\t\t\t\t<div class=\"dk-speakup-half\">\n\t\t\t\t\t\t\t\t<label for=\"dk-speakup-last-name-1\" class=\"required\">Nume de familie<\/label>\n\t\t\t\t\t\t\t\t<input name=\"dk-speakup-last-name\" id=\"dk-speakup-last-name-1\" value=\"\" type=\"text\" \/>\n\t\t\t\t\t\t\t<\/div>\n\t\t\t\t\t\t\t<div class=\"dk-speakup-half\">\n\t\t\t\t\t\t\t\t<label for=\"dk-speakup-email-1\" class=\"required\">E-mail<\/label>\n\t\t\t\t\t\t\t\t<input name=\"dk-speakup-email\" id=\"dk-speakup-email-1\" value=\"\" type=\"text\" \/>\n\t\t\t\t\t\t\t<\/div>\n\t\t\t\t\t\t\t<div class=\"dk-speakup-half\">\n\t\t\t\t\t\t\t\t<label for=\"dk-speakup-email-confirm-1\" class=\"required\">Confirma\u021bi e-mail<\/label>\n\t\t\t\t\t\t\t\t<input name=\"dk-speakup-email-confirm\" id=\"dk-speakup-email-confirm-1\" value=\"\" type=\"text\" \/>\n\t\t\t\t\t\t\t<\/div>\n\t\t\t\t\t\t\t<div class=\"dk-speakup-full\">\n\t\t\t\t\t\t\t\t<label for=\"dk-speakup-postcode-1\" class=\"required\">Cod po\u015ftal<\/label>\n\t\t\t\t\t\t\t\t<input name=\"dk-speakup-postcode\" id=\"dk-speakup-postcode-1\" maxlength=\"7\" type=\"text\" \/>\n\t\t\t\t\t\t\t<\/div><div class=\"hr hr-short hr-center  avia-builder-el-3  el_after_av_heading  el_before_av_promobox \"><span class=\"hr-inner\"><span class=\"hr-inner-style\"><\/span><\/span><\/div><div>\n\t\t\t\t\t\t\t<div class=\"dk-speakup-half\">\n\t\t\t\t\t\t\t\t<label for=\"dk-speakup-city-1\">Ora\u015f<\/label>\n\t\t\t\t\t\t\t\t<input name=\"dk-speakup-city\" id=\"dk-speakup-city-1\" maxlength=\"200\" type=\"text\" \/>\n\t\t\t\t\t\t\t<\/div>\n\t\t\t\t\t\t\t<div class=\"dk-speakup-half\">\n\t\t\t\t\t\t\t\t<label for=\"dk-speakup-state-1\">Stat \/ Provincie<\/label>\n\t\t\t\t\t\t\t\t<input name=\"dk-speakup-state\" id=\"dk-speakup-state-1\" maxlength=\"200\" type=\"text\" list=\"dk-speakup-states\" \/>\n\t\t\t\t\t\t\t\t<datalist id=\"dk-speakup-states\">\n\t\t\t\t\t\t\t\t\t<option value=\"Alabama\"><option value=\"Alaska\"><option value=\"Alberta\"><option value=\"Arizona\"><option value=\"Arkansas\"><option value=\"British Columbia\"><option value=\"California\"><option value=\"Colorado\"><option value=\"Connecticut\"><option value=\"Washington DC\"><option value=\"Delaware\"><option value=\"Florida\"><option value=\"Georgia\"><option value=\"Hawaii\"><option value=\"Idaho\"><option value=\"Illinois\"><option value=\"Indiana\"><option value=\"Iowa\"><option value=\"Kansas\"><option value=\"Kentucky\"><option value=\"Labrador\"><option value=\"Louisiana\"><option value=\"Maine\"><option value=\"Manitoba\"><option value=\"Maryland\"><option value=\"Massachusetts\"><option value=\"Michigan\"><option value=\"Minnesota\"><option value=\"Mississippi\"><option value=\"Missouri\"><option value=\"Montana\"><option value=\"Nebraska\"><option value=\"Nevada\"><option value=\"New Brunswick\"><option value=\"Newfoundland\"><option value=\"New Hampshire\"><option value=\"New Jersey\"><option value=\"New Mexico\"><option value=\"New York\"><option value=\"North Carolina\"><option value=\"North Dakota\"><option value=\"North West Territory\"><option value=\"Nova Scotia\"><option value=\"Nunavut\"><option value=\"Ohio\"><option value=\"Oklahoma\"><option value=\"Ontario\"><option value=\"Oregon\"><option value=\"Pennsylvania\"><option value=\"Prince Edward Island\"><option value=\"Quebec\"><option value=\"Rhode Island\"><option value=\"Saskatchewan\"><option value=\"South Carolina\"><option value=\"South Dakota\"><option value=\"Tennessee\"><option value=\"Texas\"><option value=\"Utah\"><option value=\"Vermont\"><option value=\"Virginia\"><option value=\"Washington\"><option value=\"West Virginia\"><option value=\"Wisconsin\"><option value=\"Wyoming\"><option value=\"Yukon\">\n\t\t\t\t\t\t\t\t<\/datalist>\n\t\t\t\t\t\t\t<\/div>\n\t\t\t\t\t\t\t<div class=\"dk-speakup-half\">\n\t\t\t\t\t\t\t\t<label for=\"dk-speakup-country-1\">\u0162ar\u0103<\/label>\n\t\t\t\t\t\t\t\t<input name=\"dk-speakup-country\" id=\"dk-speakup-country-1\" maxlength=\"200\" type=\"text\" list=\"dk-speakup-countries\" \/>\n\t\t\t\t\t\t\t\t<datalist id=\"dk-speakup-countries\">\n\t\t\t\t\t\t\t\t\t<option value=\"Afghanistan\"><option value=\"Albania\"><option value=\"Algeria\"><option value=\"American Samoa\"><option value=\"Andorra\"><option value=\"Angola\"><option value=\"Anguilla\"><option value=\"Antarctica\"><option value=\"Antigua and Barbuda\"><option value=\"Argentina\"><option value=\"Armenia\"><option value=\"Aruba\"><option value=\"Australia\"><option value=\"Austria\"><option value=\"Azerbaijan\"><option value=\"Bahrain\"><option value=\"Bangladesh\"><option value=\"Barbados\"><option value=\"Belarus\"><option value=\"Belgium\"><option value=\"Belize\"><option value=\"Benin\"><option value=\"Bermuda\"><option value=\"Bhutan\"><option value=\"Bolivia\"><option value=\"Bosnia and Herzegovina\"><option value=\"Botswana\"><option value=\"Bouvet Island\"><option value=\"Brazil\"><option value=\"British Indian Ocean Territory\"><option value=\"British Virgin Islands\"><option value=\"Brunei\"><option value=\"Bulgaria\"><option value=\"Burkina Faso\"><option value=\"Burundi\"><option value=\"C\u00f4te d'Ivoire\"><option value=\"Cambodia\"><option value=\"Cameroon\"><option value=\"Canada\"><option value=\"Cape Verde\"><option value=\"Cayman Islands\"><option value=\"Central African Republic\"><option value=\"Chad\"><option value=\"Chile\"><option value=\"China\"><option value=\"Christmas Island\"><option value=\"Cocos (Keeling) Islands\"><option value=\"Colombia\"><option value=\"Comoros\"><option value=\"Congo\"><option value=\"Cook Islands\"><option value=\"Costa Rica\"><option value=\"Croatia\"><option value=\"Cuba\"><option value=\"Cyprus\"><option value=\"Czech Republic\"><option value=\"Democratic Republic of the Congo\"><option value=\"Denmark\"><option value=\"Djibouti\"><option value=\"Dominica\"><option value=\"Dominican Republic\"><option value=\"East Timor\"><option value=\"Ecuador\"><option value=\"Egypt\"><option value=\"El Salvador\"><option value=\"Equatorial Guinea\"><option value=\"Eritrea\"><option value=\"Estonia\"><option value=\"Ethiopia\"><option value=\"Faeroe Islands\"><option value=\"Falkland Islands\"><option value=\"Fiji\"><option value=\"Finland\"><option value=\"Former Yugoslav Republic of Macedonia\"><option value=\"France\"><option value=\"French Guiana\"><option value=\"French Polynesia\"><option value=\"French Southern Territories\"><option value=\"Gabon\"><option value=\"Georgia\"><option value=\"Germany\"><option value=\"Ghana\"><option value=\"Gibraltar\"><option value=\"Greece\"><option value=\"Greenland\"><option value=\"Grenada\"><option value=\"Guadeloupe\"><option value=\"Guam\"><option value=\"Guatemala\"><option value=\"Guinea\"><option value=\"Guinea-Bissau\"><option value=\"Guyana\"><option value=\"Haiti\"><option value=\"Heard Island and McDonald Islands\"><option value=\"Honduras\"><option value=\"Hong Kong\"><option value=\"Hungary\"><option value=\"Iceland\"><option value=\"India\"><option value=\"Indonesia\"><option value=\"Iran\"><option value=\"Iraq\"><option value=\"Ireland\"><option value=\"Israel\"><option value=\"Italy\"><option value=\"Jamaica\"><option value=\"Japan\"><option value=\"Jordan\"><option value=\"Kazakhstan\"><option value=\"Kenya\"><option value=\"Kiribati\"><option value=\"Kuwait\"><option value=\"Kyrgyzstan\"><option value=\"Laos\"><option value=\"Latvia\"><option value=\"Lebanon\"><option value=\"Lesotho\"><option value=\"Liberia\"><option value=\"Libya\"><option value=\"Liechtenstein\"><option value=\"Lithuania\"><option value=\"Luxembourg\"><option value=\"Macau\"><option value=\"Madagascar\"><option value=\"Malawi\"><option value=\"Malaysia\"><option value=\"Maldives\"><option value=\"Mali\"><option value=\"Malta\"><option value=\"Marshall Islands\"><option value=\"Martinique\"><option value=\"Mauritania\"><option value=\"Mauritius\"><option value=\"Mayotte\"><option value=\"Mexico\"><option value=\"Micronesia\"><option value=\"Moldova\"><option value=\"Monaco\"><option value=\"Mongolia\"><option value=\"Montserrat\"><option value=\"Morocco\"><option value=\"Mozambique\"><option value=\"Myanmar\"><option value=\"Namibia\"><option value=\"Nauru\"><option value=\"Nepal\"><option value=\"Netherlands\"><option value=\"Netherlands Antilles\"><option value=\"New Caledonia\"><option value=\"New Zealand\"><option value=\"Nicaragua\"><option value=\"Niger\"><option value=\"Nigeria\"><option value=\"Niue\"><option value=\"Norfolk Island\"><option value=\"North Korea\"><option value=\"Northern Marianas\"><option value=\"Norway\"><option value=\"Oman\"><option value=\"Pakistan\"><option value=\"Palau\"><option value=\"Panama\"><option value=\"Papua New Guinea\"><option value=\"Paraguay\"><option value=\"Peru\"><option value=\"Philippines\"><option value=\"Pitcairn Islands\"><option value=\"Poland\"><option value=\"Portugal\"><option value=\"Puerto Rico\"><option value=\"Qatar\"><option value=\"R\u00e9union\"><option value=\"Romania\"><option value=\"Russia\"><option value=\"Rwanda\"><option value=\"S\u00e3o Tom\u00e9 and Pr\u00edncipe\"><option value=\"Saint Helena\"><option value=\"Saint Kitts and Nevis\"><option value=\"Saint Lucia\"><option value=\"Saint Pierre and Miquelon\"><option value=\"Saint Vincent and the Grenadines\"><option value=\"Samoa\"><option value=\"San Marino\"><option value=\"Saudi Arabia\"><option value=\"Senegal\"><option value=\"Seychelles\"><option value=\"Sierra Leone\"><option value=\"Singapore\"><option value=\"Slovakia\"><option value=\"Slovenia\"><option value=\"Solomon Islands\"><option value=\"Somalia\"><option value=\"South Africa\"><option value=\"South Georgia and the South Sandwich Islands\"><option value=\"South Korea\"><option value=\"Spain\"><option value=\"Sri Lanka\"><option value=\"Sudan\"><option value=\"Suriname\"><option value=\"Svalbard and Jan Mayen\"><option value=\"Swaziland\"><option value=\"Sweden\"><option value=\"Switzerland\"><option value=\"Syria\"><option value=\"Taiwan\"><option value=\"Tajikistan\"><option value=\"Tanzania\"><option value=\"Thailand\"><option value=\"The Bahamas\"><option value=\"The Gambia\"><option value=\"Togo\"><option value=\"Tokelau\"><option value=\"Tonga\"><option value=\"Trinidad and Tobago\"><option value=\"Tunisia\"><option value=\"Turkey\"><option value=\"Turkmenistan\"><option value=\"Turks and Caicos Islands\"><option value=\"Tuvalu\"><option value=\"US Virgin Islands\"><option value=\"Uganda\"><option value=\"Ukraine\"><option value=\"United Arab Emirates\"><option value=\"United Kingdom\"><option value=\"United States\"><option value=\"United States Minor Outlying Islands\"><option value=\"Uruguay\"><option value=\"Uzbekistan\"><option value=\"Vanuatu\"><option value=\"Vatican City\"><option value=\"Venezuela\"><option value=\"Vietnam\"><option value=\"Wallis and Futuna\"><option value=\"Western Sahara\"><option value=\"Yemen\"><option value=\"Yugoslavia\"><option value=\"Zambia\"><option value=\"Zimbabwe\">\n\t\t\t\t\t\t\t\t<\/datalist>\n\t\t\t\t\t\t\t<\/div>\n\t\t\t\t\t\t\t<div class=\"dk-speakup-half\">\n\t\t\t\t\t\t\t\t<label for=\"dk-speakup-custom-field-1\">Phone #<\/label>\n\t\t\t\t\t\t\t\t<input name=\"dk-speakup-custom-field\" id=\"dk-speakup-custom-field-1\" maxlength=\"400\" type=\"text\" \/>\n\t\t\t\t\t\t\t<\/div><\/div>\n\t\t\t\t\t\t\t<div class=\"dk-speakup-full dk-speakup-message\"  id=\"dk-speakup-message-1\">\n\t\t\t\t\t\t\t\t<p class=\"dk-speakup-greeting\"><\/p>\n\t\t\t\t\t\t\t\t<p>The Romanian associations in Vancouver, BC, in partnership with the Romanian Consulate of Vancouver are looking to jointly pursue the project of obtaining or building a Romanian Centre in the Lower Mainland. As part of our joint venture, we hope to count on your on-going support for this project.<br \/>\nAs part of our initial steps, we are looking to obtain support by having the petition below signed by as many persons as possible. Our goal for the petition is 5000 signature. <\/p>\n<p>We are asking for your support with a signature if you are in support of this project or if you believe it will be beneficial to the Romanian community in Vancouver to have a physical centre in order to promote our culture. <\/p>\n<p>Thank you for your time and support<\/p>\n\n\t\t\t\t\t\t\t\t<p class=\"dk-speakup-caps\">[signature]<\/p>\n\t\t\t\t\t\t\t<\/div><div class=\"hr hr-short hr-center  avia-builder-el-3  el_after_av_heading  el_before_av_promobox \"><span class=\"hr-inner\"><span class=\"hr-inner-style\"><\/span><\/span><\/div>\n\t\t\t\t\t\t\t<div class=\"dk-speakup-optin-wrap\">\n\t\t\t\t\t\t\t\t<input type=\"checkbox\" name=\"dk-speakup-optin\" id=\"dk-speakup-optin-1\" \/>\n\t\t\t\t\t\t\t\t<label for=\"dk-speakup-optin-1\">I consent to receive updates from VRA via email. You can unsubscribe at any time.<\/label>\n\t\t\t\t\t\t\t<\/div>\n\t\t\t\t\t\t\t<div class=\"dk-speakup-submit-wrap\">\n\t\t\t\t\t\t\t\t<div id=\"dk-speakup-ajaxloader-1\" class=\"dk-speakup-ajaxloader\" style=\"visibility: hidden;\">&nbsp;<\/div>\n\t\t\t\t\t\t\t\t\n\t\t\t\t\t\t\t\t<a name=\"1\" class=\"dk-speakup-submit avia-button avia-icon_select-yes avia-color-theme-color avia-size-large\">\n\t\t\t\t\t\t\t\t\t<span data-av_iconfont=\"entypo-fontello\" data-av_icon=\"\ue837\" aria-hidden=\"true\" class=\"avia_button_icon\"><\/span>\n\t\t\t\t\t\t\t\t\t<span class=\"avia_iconbox_title\">Sign Now<\/span>\n\t\t\t\t\t\t\t\t<\/a>\n\t\t\t\t\t\t\t<\/div>\n\t\t\t\t\t\t<\/form>\n\t\t\t\t\t\t<div class=\"dk-speakup-progress-wrap\">\n\t\t\t\t\t\t\t<div class=\"dk-speakup-signature-count\">\n\t\t\t\t\t\t\t\t<span>212<\/span> signatures\n\t\t\t\t\t\t\t<\/div>\n\t\t\t\t\t\t\t<div class=\"dk-speakup-progress\" style=\"width: 200px;\">\n\t\t\t\t\t\t\t\t<div class=\"dk-speakup-progressbar dk-speakup-progressbar-low\" style=\"width: 8px;\"><\/div>\n\t\t\t\t\t\t\t<\/div>\n\t\t\t\t\t\t<\/div>\n\t\t\t\t\t\t<div class=\"dk-speakup-share\">\n\t\t\t\t\t\t\t<div><p>Share this with your friends:<\/p>\n\t\t\t\t\t\t\t<p>\n\t\t\t\t\t\t\t\t<a class=\"dk-speakup-facebook\" href=\"#\" title=\"Facebook\" rel=\"1\"><span>&nbsp;<\/span><\/a>\n\t\t\t\t\t\t\t\t<a class=\"dk-speakup-twitter\" href=\"#\" title=\"Twitter\" rel=\"1\"><span>&nbsp;<\/span><\/a>\n\t\t\t\t\t\t\t<\/p>\n\t\t\t\t\t\t<\/div>\n\t\t\t\t\t\t\t<div class=\"dk-speakup-clear\"><\/div>\n\t\t\t\t\t\t<\/div>\n\t\t\t\t\t<\/div>\n<\/div><\/section><\/div>\n","protected":false},"excerpt":{"rendered":"","protected":false},"author":310,"featured_media":0,"parent":3919,"menu_order":0,"comment_status":"closed","ping_status":"open","template":"","meta":[],"yoast_head":"<!-- This site is optimized with the Yoast SEO plugin v19.3 - https:\/\/yoast.com\/wordpress\/plugins\/seo\/ -->\n<title>Peti\u021bia pentru Centrul Rom\u00e2n &raquo; Vancouver Romanian Association<\/title>\n<meta name=\"robots\" content=\"index, follow, max-snippet:-1, max-image-preview:large, max-video-preview:-1\" \/>\n<link rel=\"canonical\" href=\"https:\/\/vra-bc.com\/ro\/community-support\/petitia-pentru-centrul-roman\/\" \/>\n<meta property=\"og:locale\" content=\"ro_RO\" \/>\n<meta property=\"og:type\" content=\"article\" \/>\n<meta property=\"og:title\" content=\"Peti\u021bia pentru Centrul Rom\u00e2n &raquo; Vancouver Romanian Association\" \/>\n<meta property=\"og:url\" content=\"https:\/\/vra-bc.com\/ro\/community-support\/petitia-pentru-centrul-roman\/\" \/>\n<meta property=\"og:site_name\" content=\"Vancouver Romanian Association\" \/>\n<meta property=\"article:publisher\" content=\"http:\/\/www.facebook.com\/VancouverRomanianAssociation\" \/>\n<meta property=\"article:modified_time\" content=\"2014-07-05T01:04:45+00:00\" \/>\n<script type=\"application\/ld+json\" class=\"yoast-schema-graph\">{\"@context\":\"https:\/\/schema.org\",\"@graph\":[{\"@type\":\"WebSite\",\"@id\":\"https:\/\/vra-bc.com\/ro\/#website\",\"url\":\"https:\/\/vra-bc.com\/ro\/\",\"name\":\"Vancouver Romanian Association\",\"description\":\"Acasa\",\"potentialAction\":[{\"@type\":\"SearchAction\",\"target\":{\"@type\":\"EntryPoint\",\"urlTemplate\":\"https:\/\/vra-bc.com\/ro\/?s={search_term_string}\"},\"query-input\":\"required name=search_term_string\"}],\"inLanguage\":\"ro-RO\"},{\"@type\":\"WebPage\",\"@id\":\"https:\/\/vra-bc.com\/ro\/community-support\/petitia-pentru-centrul-roman\/\",\"url\":\"https:\/\/vra-bc.com\/ro\/community-support\/petitia-pentru-centrul-roman\/\",\"name\":\"Peti\u021bia pentru Centrul Rom\u00e2n &raquo; Vancouver Romanian Association\",\"isPartOf\":{\"@id\":\"https:\/\/vra-bc.com\/ro\/#website\"},\"datePublished\":\"2014-07-05T00:09:52+00:00\",\"dateModified\":\"2014-07-05T01:04:45+00:00\",\"breadcrumb\":{\"@id\":\"https:\/\/vra-bc.com\/ro\/community-support\/petitia-pentru-centrul-roman\/#breadcrumb\"},\"inLanguage\":\"ro-RO\",\"potentialAction\":[{\"@type\":\"ReadAction\",\"target\":[\"https:\/\/vra-bc.com\/ro\/community-support\/petitia-pentru-centrul-roman\/\"]}]},{\"@type\":\"BreadcrumbList\",\"@id\":\"https:\/\/vra-bc.com\/ro\/community-support\/petitia-pentru-centrul-roman\/#breadcrumb\",\"itemListElement\":[{\"@type\":\"ListItem\",\"position\":1,\"name\":\"Home\",\"item\":\"https:\/\/vra-bc.com\/ro\/\"},{\"@type\":\"ListItem\",\"position\":2,\"name\":\"Suportul Comunitatii\",\"item\":\"https:\/\/vra-bc.com\/ro\/community-support\/\"},{\"@type\":\"ListItem\",\"position\":3,\"name\":\"Peti\u021bia pentru Centrul Rom\u00e2n\"}]}]}<\/script>\n<!-- \/ Yoast SEO plugin. -->","yoast_head_json":{"title":"Peti\u021bia pentru Centrul Rom\u00e2n &raquo; Vancouver Romanian Association","robots":{"index":"index","follow":"follow","max-snippet":"max-snippet:-1","max-image-preview":"max-image-preview:large","max-video-preview":"max-video-preview:-1"},"canonical":"https:\/\/vra-bc.com\/ro\/community-support\/petitia-pentru-centrul-roman\/","og_locale":"ro_RO","og_type":"article","og_title":"Peti\u021bia pentru Centrul Rom\u00e2n &raquo; Vancouver Romanian Association","og_url":"https:\/\/vra-bc.com\/ro\/community-support\/petitia-pentru-centrul-roman\/","og_site_name":"Vancouver Romanian Association","article_publisher":"http:\/\/www.facebook.com\/VancouverRomanianAssociation","article_modified_time":"2014-07-05T01:04:45+00:00","schema":{"@context":"https:\/\/schema.org","@graph":[{"@type":"WebSite","@id":"https:\/\/vra-bc.com\/ro\/#website","url":"https:\/\/vra-bc.com\/ro\/","name":"Vancouver Romanian Association","description":"Acasa","potentialAction":[{"@type":"SearchAction","target":{"@type":"EntryPoint","urlTemplate":"https:\/\/vra-bc.com\/ro\/?s={search_term_string}"},"query-input":"required name=search_term_string"}],"inLanguage":"ro-RO"},{"@type":"WebPage","@id":"https:\/\/vra-bc.com\/ro\/community-support\/petitia-pentru-centrul-roman\/","url":"https:\/\/vra-bc.com\/ro\/community-support\/petitia-pentru-centrul-roman\/","name":"Peti\u021bia pentru Centrul Rom\u00e2n &raquo; Vancouver Romanian Association","isPartOf":{"@id":"https:\/\/vra-bc.com\/ro\/#website"},"datePublished":"2014-07-05T00:09:52+00:00","dateModified":"2014-07-05T01:04:45+00:00","breadcrumb":{"@id":"https:\/\/vra-bc.com\/ro\/community-support\/petitia-pentru-centrul-roman\/#breadcrumb"},"inLanguage":"ro-RO","potentialAction":[{"@type":"ReadAction","target":["https:\/\/vra-bc.com\/ro\/community-support\/petitia-pentru-centrul-roman\/"]}]},{"@type":"BreadcrumbList","@id":"https:\/\/vra-bc.com\/ro\/community-support\/petitia-pentru-centrul-roman\/#breadcrumb","itemListElement":[{"@type":"ListItem","position":1,"name":"Home","item":"https:\/\/vra-bc.com\/ro\/"},{"@type":"ListItem","position":2,"name":"Suportul Comunitatii","item":"https:\/\/vra-bc.com\/ro\/community-support\/"},{"@type":"ListItem","position":3,"name":"Peti\u021bia pentru Centrul Rom\u00e2n"}]}]}},"_links":{"self":[{"href":"https:\/\/vra-bc.com\/ro\/wp-json\/wp\/v2\/pages\/4154"}],"collection":[{"href":"https:\/\/vra-bc.com\/ro\/wp-json\/wp\/v2\/pages"}],"about":[{"href":"https:\/\/vra-bc.com\/ro\/wp-json\/wp\/v2\/types\/page"}],"author":[{"embeddable":true,"href":"https:\/\/vra-bc.com\/ro\/wp-json\/wp\/v2\/users\/310"}],"replies":[{"embeddable":true,"href":"https:\/\/vra-bc.com\/ro\/wp-json\/wp\/v2\/comments?post=4154"}],"version-history":[{"count":0,"href":"https:\/\/vra-bc.com\/ro\/wp-json\/wp\/v2\/pages\/4154\/revisions"}],"up":[{"embeddable":true,"href":"https:\/\/vra-bc.com\/ro\/wp-json\/wp\/v2\/pages\/3919"}],"wp:attachment":[{"href":"https:\/\/vra-bc.com\/ro\/wp-json\/wp\/v2\/media?parent=4154"}],"curies":[{"name":"wp","href":"https:\/\/api.w.org\/{rel}","templated":true}]}}